{"id":12,"date":"2026-03-04T08:11:51","date_gmt":"2026-03-04T08:11:51","guid":{"rendered":"https:\/\/iarina027.supserv.cozmoslabs.com\/?page_id=12"},"modified":"2026-03-04T12:20:48","modified_gmt":"2026-03-04T12:20:48","slug":"kot","status":"publish","type":"page","link":"https:\/\/iarina027.supserv.cozmoslabs.com\/en\/kot\/","title":{"rendered":"Cat"},"content":{"rendered":"<p class=\"translation-block\">The cat,<strong>also known as the domestic cat<\/strong>, is a small carnivorous mammal. It is an absolute carnivore, requiring a diet based mainly on meat. Its retractable claws are adapted to kill small prey species such as mice and rats. It has a strong, flexible body, quick reflexes and sharp teeth, as well as well-developed night vision and sense of smell.<\/p>\n\n\n\n<p class=\"translation-block\"><strong>Health insurance<\/strong>.<\/p>\n\n\n\n<p class=\"translation-block\"><strong>practical advice<\/strong>.<\/p>\n\n\n\n<p class=\"translation-block\">Nice <strong>cat<\/strong>.<\/p>\n\n\n\n<p><\/p>","protected":false},"excerpt":{"rendered":"<p>Kot, zwany r\u00f3wnie\u017c kotem domowym, to ma\u0142y ssak mi\u0119so\u017cerny. Jest bezwzgl\u0119dnym mi\u0119so\u017cerc\u0105, wymagaj\u0105cym diety opartej g\u0142\u00f3wnie na mi\u0119sie. Jego chowane pazury s\u0105 przystosowane do zabijania ma\u0142ych gatunk\u00f3w ofiar, takich jak myszy i szczury. Ma silne, gi\u0119tkie cia\u0142o, szybki refleks i ostre z\u0119by, a tak\u017ce dobrze rozwini\u0119ty wzrok i w\u0119ch w nocy. Ubezpieczenie zdrowotne Porady praktyczne [&hellip;]<\/p>\n","protected":false},"author":1,"featured_media":0,"parent":0,"menu_order":0,"comment_status":"closed","ping_status":"closed","template":"","meta":{"footnotes":""},"class_list":["post-12","page","type-page","status-publish","hentry"],"_links":{"self":[{"href":"https:\/\/iarina027.supserv.cozmoslabs.com\/en\/wp-json\/wp\/v2\/pages\/12","targetHints":{"allow":["GET"]}}],"collection":[{"href":"https:\/\/iarina027.supserv.cozmoslabs.com\/en\/wp-json\/wp\/v2\/pages"}],"about":[{"href":"https:\/\/iarina027.supserv.cozmoslabs.com\/en\/wp-json\/wp\/v2\/types\/page"}],"author":[{"embeddable":true,"href":"https:\/\/iarina027.supserv.cozmoslabs.com\/en\/wp-json\/wp\/v2\/users\/1"}],"replies":[{"embeddable":true,"href":"https:\/\/iarina027.supserv.cozmoslabs.com\/en\/wp-json\/wp\/v2\/comments?post=12"}],"version-history":[{"count":5,"href":"https:\/\/iarina027.supserv.cozmoslabs.com\/en\/wp-json\/wp\/v2\/pages\/12\/revisions"}],"predecessor-version":[{"id":19,"href":"https:\/\/iarina027.supserv.cozmoslabs.com\/en\/wp-json\/wp\/v2\/pages\/12\/revisions\/19"}],"wp:attachment":[{"href":"https:\/\/iarina027.supserv.cozmoslabs.com\/en\/wp-json\/wp\/v2\/media?parent=12"}],"curies":[{"name":"wp","href":"https:\/\/api.w.org\/{rel}","templated":true}]}}