{"id":12,"date":"2026-03-04T08:11:51","date_gmt":"2026-03-04T08:11:51","guid":{"rendered":"https:\/\/iarina027.supserv.cozmoslabs.com\/?page_id=12"},"modified":"2026-03-04T12:20:48","modified_gmt":"2026-03-04T12:20:48","slug":"kot","status":"publish","type":"page","link":"https:\/\/iarina027.supserv.cozmoslabs.com\/tr\/kot\/","title":{"rendered":"Kedi"},"content":{"rendered":"<p class=\"translation-block\"><strong>Ev kedisi<\/strong> olarak da bilinen kedi, k\u00fc\u00e7\u00fck etobur bir memelidir. Mutlak bir etoburdur ve \u00e7o\u011funlukla ete dayal\u0131 bir diyet gerektirir. Geri \u00e7ekilebilir pen\u00e7eleri, fare ve s\u0131\u00e7an gibi k\u00fc\u00e7\u00fck av t\u00fcrlerini \u00f6ld\u00fcrmek i\u00e7in uyarlanm\u0131\u015ft\u0131r. G\u00fc\u00e7l\u00fc, esnek bir v\u00fccudu, h\u0131zl\u0131 refleksleri ve keskin di\u015flerinin yan\u0131 s\u0131ra iyi geli\u015fmi\u015f gece g\u00f6r\u00fc\u015f\u00fc ve koku alma duyusuna sahiptir.<\/p>\n\n\n\n<p class=\"translation-block\"><strong>Sa\u011fl\u0131k sigortas\u0131<\/strong>.<\/p>\n\n\n\n<p class=\"translation-block\"><strong>pratik tavsiyeler<\/strong><\/p>\n\n\n\n<p class=\"translation-block\">G\u00fczel <strong>kedi<\/strong><\/p>\n\n\n\n<p><\/p>","protected":false},"excerpt":{"rendered":"<p>Kot, zwany r\u00f3wnie\u017c kotem domowym, to ma\u0142y ssak mi\u0119so\u017cerny. Jest bezwzgl\u0119dnym mi\u0119so\u017cerc\u0105, wymagaj\u0105cym diety opartej g\u0142\u00f3wnie na mi\u0119sie. Jego chowane pazury s\u0105 przystosowane do zabijania ma\u0142ych gatunk\u00f3w ofiar, takich jak myszy i szczury. Ma silne, gi\u0119tkie cia\u0142o, szybki refleks i ostre z\u0119by, a tak\u017ce dobrze rozwini\u0119ty wzrok i w\u0119ch w nocy. Ubezpieczenie zdrowotne Porady praktyczne [&hellip;]<\/p>\n","protected":false},"author":1,"featured_media":0,"parent":0,"menu_order":0,"comment_status":"closed","ping_status":"closed","template":"","meta":{"footnotes":""},"class_list":["post-12","page","type-page","status-publish","hentry"],"_links":{"self":[{"href":"https:\/\/iarina027.supserv.cozmoslabs.com\/tr\/wp-json\/wp\/v2\/pages\/12","targetHints":{"allow":["GET"]}}],"collection":[{"href":"https:\/\/iarina027.supserv.cozmoslabs.com\/tr\/wp-json\/wp\/v2\/pages"}],"about":[{"href":"https:\/\/iarina027.supserv.cozmoslabs.com\/tr\/wp-json\/wp\/v2\/types\/page"}],"author":[{"embeddable":true,"href":"https:\/\/iarina027.supserv.cozmoslabs.com\/tr\/wp-json\/wp\/v2\/users\/1"}],"replies":[{"embeddable":true,"href":"https:\/\/iarina027.supserv.cozmoslabs.com\/tr\/wp-json\/wp\/v2\/comments?post=12"}],"version-history":[{"count":5,"href":"https:\/\/iarina027.supserv.cozmoslabs.com\/tr\/wp-json\/wp\/v2\/pages\/12\/revisions"}],"predecessor-version":[{"id":19,"href":"https:\/\/iarina027.supserv.cozmoslabs.com\/tr\/wp-json\/wp\/v2\/pages\/12\/revisions\/19"}],"wp:attachment":[{"href":"https:\/\/iarina027.supserv.cozmoslabs.com\/tr\/wp-json\/wp\/v2\/media?parent=12"}],"curies":[{"name":"wp","href":"https:\/\/api.w.org\/{rel}","templated":true}]}}